{"id":3590,"date":"2019-02-13T10:52:56","date_gmt":"2019-02-13T08:52:56","guid":{"rendered":"https:\/\/websites.fraunhofer.de\/iis_audioblog?page_id=3590"},"modified":"2019-02-13T10:52:57","modified_gmt":"2019-02-13T08:52:57","slug":"kommentarrichtlinie","status":"publish","type":"page","link":"https:\/\/www.audioblog.iis.fraunhofer.com\/de\/kommentarrichtlinie","title":{"rendered":"Kommentarrichtlinie"},"content":{"rendered":"<p>Wir freuen uns \u00fcber sachliche Diskussionen und Anregungen zu unseren Blog-Beitr\u00e4gen. Daher sind Kommentare ausdr\u00fccklich erw\u00fcnscht. Um einen respektvollen und fairen Austausch zu gew\u00e4hrleisten, beachten Sie bitte unsere Richtlinien:<\/p>\n<p>Die Kommentare geben ausschlie\u00dflich die Meinung des jeweiligen Verfassers wieder. Jeder Nutzer ist f\u00fcr die von ihm ver\u00f6ffentlichten Beitr\u00e4ge verantwortlich. F\u00fcr die Richtigkeit und Vollst\u00e4ndigkeit \u00fcbernimmt die Fraunhofer-Gesellschaft keine Gew\u00e4hr.<\/p>\n<p>Die Redaktion beh\u00e4lt sich vor, Themen, Beitr\u00e4ge und Kommentare zu l\u00f6schen, die folgenden Inhalts sind:<\/p>\n<ul>\n<li>Kommentare und Links zu kommerziellen oder privaten Anbietern von Waren oder Dienstleistungen<\/li>\n<li>Missbrauch der Kommentarfunktion als Werbefl\u00e4che<\/li>\n<li>Diskriminierungen und Beleidigungen<\/li>\n<li>Rassistische, pornografische oder obsz\u00f6ne Inhalte<\/li>\n<li>Aufforderungen zu Gewalt gegen Personen, Institutionen oder Unternehmen<\/li>\n<li>Beleidigungen und Verletzungen von Rechten Dritter, insbesondere von Urheberrechten<\/li>\n<li>Aufruf zu Demonstrationen und Kundgebungen<\/li>\n<li>Zitate ohne die Angabe einer Quelle bzw. des Urhebers<\/li>\n<\/ul>\n","protected":false},"excerpt":{"rendered":"<p>Wir freuen uns \u00fcber sachliche Diskussionen und Anregungen zu unseren Blog-Beitr\u00e4gen. Daher sind Kommentare ausdr\u00fccklich erw\u00fcnscht. Um einen respektvollen und fairen Austausch zu gew\u00e4hrleisten, beachten Sie bitte unsere Richtlinien: Die Kommentare geben ausschlie\u00dflich die Meinung des jeweiligen Verfassers wieder. Jeder Nutzer ist f\u00fcr die von ihm ver\u00f6ffentlichten Beitr\u00e4ge verantwortlich. F\u00fcr die Richtigkeit und Vollst\u00e4ndigkeit \u00fcbernimmt [&hellip;]<\/p>\n","protected":false},"author":2,"featured_media":0,"parent":0,"menu_order":0,"comment_status":"closed","ping_status":"closed","template":"template-full-width.php","meta":{"footnotes":""},"class_list":["post-3590","page","type-page","status-publish","hentry"],"_links":{"self":[{"href":"https:\/\/www.audioblog.iis.fraunhofer.com\/de\/wp-json\/wp\/v2\/pages\/3590"}],"collection":[{"href":"https:\/\/www.audioblog.iis.fraunhofer.com\/de\/wp-json\/wp\/v2\/pages"}],"about":[{"href":"https:\/\/www.audioblog.iis.fraunhofer.com\/de\/wp-json\/wp\/v2\/types\/page"}],"author":[{"embeddable":true,"href":"https:\/\/www.audioblog.iis.fraunhofer.com\/de\/wp-json\/wp\/v2\/users\/2"}],"replies":[{"embeddable":true,"href":"https:\/\/www.audioblog.iis.fraunhofer.com\/de\/wp-json\/wp\/v2\/comments?post=3590"}],"version-history":[{"count":1,"href":"https:\/\/www.audioblog.iis.fraunhofer.com\/de\/wp-json\/wp\/v2\/pages\/3590\/revisions"}],"predecessor-version":[{"id":3591,"href":"https:\/\/www.audioblog.iis.fraunhofer.com\/de\/wp-json\/wp\/v2\/pages\/3590\/revisions\/3591"}],"wp:attachment":[{"href":"https:\/\/www.audioblog.iis.fraunhofer.com\/de\/wp-json\/wp\/v2\/media?parent=3590"}],"curies":[{"name":"wp","href":"https:\/\/api.w.org\/{rel}","templated":true}]}}