{"id":3584,"date":"2019-02-13T10:50:00","date_gmt":"2019-02-13T08:50:00","guid":{"rendered":"https:\/\/websites.fraunhofer.de\/iis_audioblog?page_id=3584"},"modified":"2025-02-20T11:06:44","modified_gmt":"2025-02-20T09:06:44","slug":"impressum","status":"publish","type":"page","link":"https:\/\/www.audioblog.iis.fraunhofer.com\/de\/impressum","title":{"rendered":"Impressum"},"content":{"rendered":"<p>Dieses Impressum gilt nicht nur f\u00fcr die Website <a title=\"www.iis.fraunhofer.de\" href=\"http:\/\/www.iis.fraunhofer.de\/\" target=\"_blank\" rel=\"noopener noreferrer\">www.iis.fraunhofer.de<\/a>, sondern f\u00fcr alle Websites, die vom Fraunhofer IIS betrieben werden und insbesondere auch f\u00fcr unsere Social Media Auftritte wie z.B. in Facebook (<a title=\"www.facebook.com\/FraunhoferIIS\" href=\"https:\/\/de-de.facebook.com\/FraunhoferIIS\" target=\"_blank\" rel=\"noopener noreferrer\">www.facebook.com\/FraunhoferIIS<\/a>).<\/p>\n<p>Das<\/p>\n<p>Fraunhofer-Institut f\u00fcr Integrierte Schaltungen IIS<br \/>\nAm Wolfsmantel 33<br \/>\n91058 Erlangen<br \/>\nTelefon +49 9131 776-0<\/p>\n<p>ist eine rechtlich nicht selbstst\u00e4ndige Einrichtung der<\/p>\n<p>Fraunhofer-Gesellschaft<br \/>\nzur F\u00f6rderung der angewandten Forschung e.V.<br \/>\nHansastra\u00dfe 27 c<br \/>\n80686 M\u00fcnchen<br \/>\nInternet:\u00a0<a class=\"external\" href=\"http:\/\/www.fraunhofer.de\/\" target=\"_blank\" rel=\"noopener\">www.fraunhofer.de<\/a><br \/>\nE-Mail: info(at)zv.fraunhofer.de<\/p>\n<p><strong>Verantwortlicher Redakteur:<\/strong><\/p>\n<p>Mandy Garcia<br \/>\nTelefon +49 9131 776-6178<br \/>\naudio-info@iis.fraunhofer.de<\/p>\n<p>Umsatzsteuer-Identifikationsnummer gem\u00e4\u00df \u00a7 27 a<br \/>\nUmsatzsteuergesetz: DE 129515865<\/p>\n<p>Registergericht<br \/>\nAmtsgericht M\u00fcnchen<br \/>\nEingetragener Verein<br \/>\nRegister-Nr. VR 4461<\/p>\n<h4>Vorstand<\/h4>\n<p>Prof. Dr.-Ing. Holger Hanselka\u00a0| Pr\u00e4sident<br \/>\nProf. Constantin H\u00e4fner | Mitglied des Vorstands<br \/>\nProf. Dr. Axel M\u00fcller-Groeling\u00a0| Mitglied des Vorstands<br \/>\nAss. jur. Elisabeth Ewen\u00a0| Mitglied des Vorstands<br \/>\nDr. Sandra Krey\u00a0| Mitglied des Vorstands<\/p>\n<h4>Nutzungsrechte<\/h4>\n<p>\u00a9 Fraunhofer-Gesellschaft e.V., M\u00fcnchen<\/p>\n<p>Alle Rechte vorbehalten.<br \/>\nDie Urheberrechte dieser Webseite liegen vollst\u00e4ndig bei der Fraunhofer-Gesellschaft.<\/p>\n<p>Ein Download oder Ausdruck dieser Ver\u00f6ffentlichungen ist ausschlie\u00dflich f\u00fcr den pers\u00f6nlichen Gebrauch gestattet. Alle dar\u00fcber hinaus gehenden Verwendungen, insbesondere die kommerzielle Nutzung und Verbreitung, sind grunds\u00e4tzlich nicht gestattet und bed\u00fcrfen der schriftlichen Genehmigung.<\/p>\n<p>Ein Download oder Ausdruck ist dar\u00fcber hinaus lediglich zum Zweck der Berichterstattung \u00fcber die Fraunhofer-Gesellschaft und ihrer Institute nach Ma\u00dfgabe untenstehender Nutzungsbedingungen gestattet:<\/p>\n<p>Grafische Ver\u00e4nderungen an Bildmotiven &#8211; au\u00dfer zum Freistellen des Hauptmotivs &#8211; sind nicht gestattet. Es ist stets die Quellenangabe und \u00dcbersendung von zwei kostenlosen Belegexemplaren an die oben genannte Adresse erforderlich. Die Verwendung ist honorarfrei.<\/p>\n<h4>Haftungshinweis<\/h4>\n<p>Wir \u00fcbernehmen keine Haftung f\u00fcr die Inhalte externer Links. F\u00fcr den Inhalt der verlinkten Seiten sind ausschlie\u00dflich deren Betreiber verantwortlich.<\/p>\n<p>Wir sind bem\u00fcht, das Webangebot stets aktuell und inhaltlich richtig sowie vollst\u00e4ndig anzubieten. Dennoch ist das Auftreten von Fehlern nicht v\u00f6llig auszuschlie\u00dfen. Das Fraunhofer-Institut bzw. die Fraunhofer-Gesellschaft \u00fcbernimmt keine Haftung f\u00fcr die Aktualit\u00e4t, die inhaltliche Richtigkeit sowie f\u00fcr die Vollst\u00e4ndigkeit der in ihrem Webangebot eingestellten Informationen. Dies bezieht sich auf eventuelle Sch\u00e4den materieller oder ideeller Art Dritter, die durch die Nutzung dieses Webangebotes verursacht wurden.<\/p>\n<p>Gesch\u00fctzte Marken und Namen, Bilder und Texte werden auf unseren Seiten in der Regel nicht als solche kenntlich gemacht. Das Fehlen einer solchen Kennzeichnung bedeutet jedoch nicht, dass es sich um einen freien Namen, ein freies Bild oder einen freien Text im Sinne des Markenzeichenrechts handelt.<\/p>\n","protected":false},"excerpt":{"rendered":"<p>Dieses Impressum gilt nicht nur f\u00fcr die Website www.iis.fraunhofer.de, sondern f\u00fcr alle Websites, die vom Fraunhofer IIS betrieben werden und insbesondere auch f\u00fcr unsere Social Media Auftritte wie z.B. in Facebook (www.facebook.com\/FraunhoferIIS). Das Fraunhofer-Institut f\u00fcr Integrierte Schaltungen IIS Am Wolfsmantel 33 91058 Erlangen Telefon +49 9131 776-0 ist eine rechtlich nicht selbstst\u00e4ndige Einrichtung der Fraunhofer-Gesellschaft [&hellip;]<\/p>\n","protected":false},"author":2,"featured_media":0,"parent":0,"menu_order":0,"comment_status":"closed","ping_status":"closed","template":"template-full-width.php","meta":{"footnotes":""},"class_list":["post-3584","page","type-page","status-publish","hentry"],"_links":{"self":[{"href":"https:\/\/www.audioblog.iis.fraunhofer.com\/de\/wp-json\/wp\/v2\/pages\/3584"}],"collection":[{"href":"https:\/\/www.audioblog.iis.fraunhofer.com\/de\/wp-json\/wp\/v2\/pages"}],"about":[{"href":"https:\/\/www.audioblog.iis.fraunhofer.com\/de\/wp-json\/wp\/v2\/types\/page"}],"author":[{"embeddable":true,"href":"https:\/\/www.audioblog.iis.fraunhofer.com\/de\/wp-json\/wp\/v2\/users\/2"}],"replies":[{"embeddable":true,"href":"https:\/\/www.audioblog.iis.fraunhofer.com\/de\/wp-json\/wp\/v2\/comments?post=3584"}],"version-history":[{"count":10,"href":"https:\/\/www.audioblog.iis.fraunhofer.com\/de\/wp-json\/wp\/v2\/pages\/3584\/revisions"}],"predecessor-version":[{"id":8953,"href":"https:\/\/www.audioblog.iis.fraunhofer.com\/de\/wp-json\/wp\/v2\/pages\/3584\/revisions\/8953"}],"wp:attachment":[{"href":"https:\/\/www.audioblog.iis.fraunhofer.com\/de\/wp-json\/wp\/v2\/media?parent=3584"}],"curies":[{"name":"wp","href":"https:\/\/api.w.org\/{rel}","templated":true}]}}