{"id":1580,"date":"2019-02-01T16:01:38","date_gmt":"2019-02-01T14:01:38","guid":{"rendered":"https:\/\/websites.fraunhofer.de\/iis_audioblog?page_id=1580"},"modified":"2019-02-22T19:01:44","modified_gmt":"2019-02-22T17:01:44","slug":"ueber-uns","status":"publish","type":"page","link":"https:\/\/www.audioblog.iis.fraunhofer.com\/de\/ueber-uns","title":{"rendered":"\u00dcber uns"},"content":{"rendered":"<p>Der Forschungsbereich Audio und Medientechnologien besch\u00e4ftigt sich seit mehr als 25 Jahren mit Audio- und Bildcodierung sowie Multimediatechnologien und ist durch seine ma\u00dfgebliche Beteiligung an der Entwicklung von mp3 und AAC sowie den Entwicklungen rund um das digitale Kino wie die Erstellung des DCI-Testplans weltweit bekannt geworden.<\/p>\n<p>Unsere Fraunhofer-Audiocodierungs-Technologien stecken in mehr als zehn Milliarden Ger\u00e4ten und wurden bereits von mehr als 1000 Unternehmen lizenziert. Zu den wichtigsten aktuellen Entwicklungen im Audio-Bereich z\u00e4hlen Fraunhofer Cingo f\u00fcr einh\u00fcllenden Klang auf mobilen Ger\u00e4ten, Fraunhofer Symphoria f\u00fcr 3D-Klang im Auto, die Codecs AAC-ELD und EVS f\u00fcr Telefongespr\u00e4che in CD-Qualit\u00e4t, xHE-AAC f\u00fcr Streaming und Digitalradio, sowie MPEG-H Audio, mit dem TV-Zuschauer den Ton individuell anpassen k\u00f6nnen.<\/p>\n<p>J\u00fcngste Entwicklungen im Bildbereich sind easyDCP f\u00fcr die Erstellung und das Abspielen digitaler Kinopakete und Masterformate sowie Realception, ein Tool zur Verarbeitung von Lichtfeldaufnahmen. Daneben arbeiten wir an neuen Bildcodierverfahren basierend auf JPEG 2000 und JPEG XS mit.<\/p>\n<p>Weitere Informationen finden Sie unter <a href=\"http:\/\/www.iis.fraunhofer.de\/de\/ff\/amm.html\" target=\"_blank\" rel=\"noopener\">www.iis.fraunhofer.de\/ame<\/a> oder besuchen Sie unsere Social Media Profile:<\/p>\n<p><a href=\"https:\/\/de-de.facebook.com\/FraunhoferIIS\" target=\"_blank\" rel=\"noopener\"><img decoding=\"async\" src=\"https:\/\/www.audioblog.iis.fraunhofer.com\/wp-content\/uploads\/2014\/05\/FB-f-Logo__blue_28.png\" alt=\"\" align=\"left\" \/><\/a><a href=\"https:\/\/twitter.com\/FraunhoferIIS\" target=\"_blank\" rel=\"noopener\"><img decoding=\"async\" src=\"https:\/\/www.audioblog.iis.fraunhofer.com\/wp-content\/uploads\/2014\/05\/twitter_logo.png\" alt=\"\" align=\"left\" \/><\/a><a href=\"http:\/\/www.youtube.com\/user\/FraunhoferIIS\" target=\"_blank\" rel=\"noopener\"><img decoding=\"async\" src=\"https:\/\/www.audioblog.iis.fraunhofer.com\/wp-content\/uploads\/2014\/07\/YouTube-icon-28px.png\" alt=\"\" align=\"left\" \/><\/a><a href=\"http:\/\/www.linkedin.com\/company\/fraunhofer-iis\" target=\"_blank\" rel=\"noopener\"><img decoding=\"async\" src=\"https:\/\/www.audioblog.iis.fraunhofer.com\/wp-content\/uploads\/2014\/05\/LinkedIn_icon.png\" alt=\"\" align=\"left\" \/><\/a><a href=\"https:\/\/www.xing.com\/companies\/fraunhoferiis\" target=\"_blank\" rel=\"noopener\"><img decoding=\"async\" src=\"https:\/\/www.audioblog.iis.fraunhofer.com\/wp-content\/uploads\/2014\/05\/xing.png\" alt=\"\" align=\"left\" \/><\/a><a href=\"http:\/\/www.audioblog.iis.fraunhofer.de\/rss\" target=\"_blank\" rel=\"noopener\"><img decoding=\"async\" src=\"https:\/\/www.audioblog.iis.fraunhofer.com\/wp-content\/uploads\/2014\/09\/rss-icon.png\" alt=\"\" align=\"left\" \/><\/a><\/p>\n","protected":false},"excerpt":{"rendered":"<p>Der Forschungsbereich Audio und Medientechnologien besch\u00e4ftigt sich seit mehr als 25 Jahren mit Audio- und Bildcodierung sowie Multimediatechnologien und ist durch seine ma\u00dfgebliche Beteiligung an der Entwicklung von mp3 und AAC sowie den Entwicklungen rund um das digitale Kino wie die Erstellung des DCI-Testplans weltweit bekannt geworden. Unsere Fraunhofer-Audiocodierungs-Technologien stecken in mehr als zehn Milliarden [&hellip;]<\/p>\n","protected":false},"author":2,"featured_media":0,"parent":0,"menu_order":0,"comment_status":"closed","ping_status":"closed","template":"template-full-width.php","meta":{"footnotes":""},"class_list":["post-1580","page","type-page","status-publish","hentry"],"_links":{"self":[{"href":"https:\/\/www.audioblog.iis.fraunhofer.com\/de\/wp-json\/wp\/v2\/pages\/1580"}],"collection":[{"href":"https:\/\/www.audioblog.iis.fraunhofer.com\/de\/wp-json\/wp\/v2\/pages"}],"about":[{"href":"https:\/\/www.audioblog.iis.fraunhofer.com\/de\/wp-json\/wp\/v2\/types\/page"}],"author":[{"embeddable":true,"href":"https:\/\/www.audioblog.iis.fraunhofer.com\/de\/wp-json\/wp\/v2\/users\/2"}],"replies":[{"embeddable":true,"href":"https:\/\/www.audioblog.iis.fraunhofer.com\/de\/wp-json\/wp\/v2\/comments?post=1580"}],"version-history":[{"count":8,"href":"https:\/\/www.audioblog.iis.fraunhofer.com\/de\/wp-json\/wp\/v2\/pages\/1580\/revisions"}],"predecessor-version":[{"id":3853,"href":"https:\/\/www.audioblog.iis.fraunhofer.com\/de\/wp-json\/wp\/v2\/pages\/1580\/revisions\/3853"}],"wp:attachment":[{"href":"https:\/\/www.audioblog.iis.fraunhofer.com\/de\/wp-json\/wp\/v2\/media?parent=1580"}],"curies":[{"name":"wp","href":"https:\/\/api.w.org\/{rel}","templated":true}]}}